{"id":9846,"date":"2024-01-02T13:41:43","date_gmt":"2024-01-02T13:41:43","guid":{"rendered":"https:\/\/brava.etc.br\/loja\/?post_type=product&#038;p=9846"},"modified":"2024-07-15T22:46:17","modified_gmt":"2024-07-15T22:46:17","slug":"peter-brotzmann-full-blast-rio","status":"publish","type":"product","link":"https:\/\/brava.etc.br\/loja\/produto\/peter-brotzmann-full-blast-rio\/","title":{"rendered":"Peter Br\u00f6tzmann Full Blast \u2018Rio\u2019"},"content":{"rendered":"<div dir=\"auto\">\n<div class=\"tralbumData tralbum-about\">\n<p>Ao vivo na Audio Rebel \/Rio de Janeiro &#8211; 17.07.2016<\/p>\n<p>&#8211;<\/p>\n<p>Peter Br\u00f6tzmann \u2013 sopros<br \/>\nMarino Pliakas \u2013 baixo<br \/>\nMichael Wertm\u00fcller \u2013 bateria<\/p>\n<p>Grava\u00e7\u00e3o: Pedro Azevedo, Jo\u00e3o Paulo \u201cBinos\u201d Franklin<br \/>\nPr\u00e9 mix: Jo\u00e3o Paulo \u201cBinos\u201d Franklin<br \/>\nMix e master: Martin Siewert<br \/>\nArte: Peter Br\u00f6tzmann<\/p>\n<\/div>\n<p>&nbsp;<\/p>\n<\/div>\n<p><iframe style=\"border: 0; width: 100%; height: 42px;\" src=\"https:\/\/bandcamp.com\/EmbeddedPlayer\/album=347543189\/size=small\/bgcol=ffffff\/linkcol=333333\/transparent=true\/\" seamless=\"\"><a href=\"https:\/\/fullblastjazz.bandcamp.com\/album\/rio\">Rio by FULL BLAST<\/a><\/iframe><\/p>\n","protected":false},"excerpt":{"rendered":"<p>\u2022 Faixas:<\/p>\n<p>01. Rio one<br \/>\n02. Rio two<br \/>\n03. Rio three<br \/>\n04. Rio four<br \/>\n05. Rio five<\/p>\n<p>&nbsp;<\/p>\n<p>\u2022 Full Blast e QTV | 2018<\/p>\n<p>\u2022 Formato: vinil 12&#8243;<\/p>\n<p>&nbsp;<\/p>\n<p>*Produto importado<\/p>\n","protected":false},"featured_media":9847,"template":"","meta":[],"product_brand":[],"product_cat":[991,988,538,528],"product_tag":[990,630,989],"class_list":{"0":"post-9846","1":"product","2":"type-product","3":"status-publish","4":"has-post-thumbnail","6":"product_cat-full-blast","7":"product_cat-peter-brotzmann","8":"product_cat-qtv","9":"product_cat-vinil-12","10":"product_tag-full-blast","11":"product_tag-improvisacao","12":"product_tag-peter-brotzmann","14":"first","15":"outofstock","16":"shipping-taxable","17":"purchasable","18":"product-type-simple"},"_links":{"self":[{"href":"https:\/\/brava.etc.br\/loja\/wp-json\/wp\/v2\/product\/9846","targetHints":{"allow":["GET"]}}],"collection":[{"href":"https:\/\/brava.etc.br\/loja\/wp-json\/wp\/v2\/product"}],"about":[{"href":"https:\/\/brava.etc.br\/loja\/wp-json\/wp\/v2\/types\/product"}],"wp:featuredmedia":[{"embeddable":true,"href":"https:\/\/brava.etc.br\/loja\/wp-json\/wp\/v2\/media\/9847"}],"wp:attachment":[{"href":"https:\/\/brava.etc.br\/loja\/wp-json\/wp\/v2\/media?parent=9846"}],"wp:term":[{"taxonomy":"product_brand","embeddable":true,"href":"https:\/\/brava.etc.br\/loja\/wp-json\/wp\/v2\/product_brand?post=9846"},{"taxonomy":"product_cat","embeddable":true,"href":"https:\/\/brava.etc.br\/loja\/wp-json\/wp\/v2\/product_cat?post=9846"},{"taxonomy":"product_tag","embeddable":true,"href":"https:\/\/brava.etc.br\/loja\/wp-json\/wp\/v2\/product_tag?post=9846"}],"curies":[{"name":"wp","href":"https:\/\/api.w.org\/{rel}","templated":true}]}}