{"id":9913,"date":"2024-02-27T17:48:18","date_gmt":"2024-02-27T17:48:18","guid":{"rendered":"https:\/\/brava.etc.br\/loja\/?post_type=product&#038;p=9913"},"modified":"2025-01-28T17:06:18","modified_gmt":"2025-01-28T17:06:18","slug":"mini-pianola-eletrocaostica","status":"publish","type":"product","link":"https:\/\/brava.etc.br\/loja\/produto\/mini-pianola-eletrocaostica\/","title":{"rendered":"Mini pianola eletrocaostica"},"content":{"rendered":"<p>A Mini pianola eletrocaostica \u00e9 um sequenciador eletromec\u00e2nico de sons percussivos acionado a manivela e tamb\u00e9m um mini sintetizador.<\/p>\n<p>O instrumento \u00e9 formado por quatro osciladores senoidais, respons\u00e1veis pela gera\u00e7\u00e3o dos sons de percuss\u00e3o, e um cilindro met\u00e1lico, onde s\u00e3o posicionados pequenos im\u00e3s respons\u00e1veis pelo acionamento de sensores magn\u00e9ticos. As sequ\u00eancias podem ser modificadas pela adi\u00e7\u00e3o e reposicionamento dos im\u00e3s sobre o cilindro, enquanto que a velocidade \u00e9 controlada pelo giro da manivela. Bot\u00f5es de press\u00e3o posicionados na parte frontal do instrumento permite o acionamento dos osciladores de forma pontual ou cont\u00ednua. A frequ\u00eancia de dois dos osciladores pode ser controlada por potenci\u00f4metros permitindo a a\u00e7\u00e3o simult\u00e2nea dos osciladores. O instrumento possui uma sa\u00edda tipo \u201cP2\u201d, permitindo sua conex\u00e3o com outros dispositivos de \u00e1udio como processadores de efeito, mesa de som, ou diretamente ao amplificador.<\/p>\n<p>&nbsp;<\/p>\n<p><strong>Especifica\u00e7\u00f5es t\u00e9cnicas:<\/strong><br \/>\nSa\u00edda: P2;<\/p>\n<p>Alimenta\u00e7\u00e3o: 12V \u2013 centro negativo (fonte de alimenta\u00e7\u00e3o inclusa)<\/p>\n<p>Dimens\u00f5es: 14,7&#215;8,0x6,0cm<\/p>\n<p><iframe loading=\"lazy\" title=\"Mini pianola Eletrocaostica Pandemonium\" width=\"500\" height=\"281\" src=\"https:\/\/www.youtube.com\/embed\/FHI5z-Yvn9s?feature=oembed\" frameborder=\"0\" allow=\"accelerometer; autoplay; clipboard-write; encrypted-media; gyroscope; picture-in-picture; web-share\" referrerpolicy=\"strict-origin-when-cross-origin\" allowfullscreen><\/iframe><\/p>\n<p>&nbsp;<\/p>\n<p>&nbsp;<\/p>\n<p>&nbsp;<\/p>\n","protected":false},"excerpt":{"rendered":"<ul>\n<li>5% de desconto para pagamentos em PIX (aplicado diretamente no carrinho na op\u00e7\u00e3o desta forma de pagamento)<\/li>\n<\/ul>\n","protected":false},"featured_media":9917,"template":"","meta":[],"product_brand":[],"product_cat":[987,963,966],"product_tag":[973,589,1004,971,655,1008,967,1007,969,1005,1006],"class_list":{"0":"post-9913","1":"product","2":"type-product","3":"status-publish","4":"has-post-thumbnail","6":"product_cat-instrumento","7":"product_cat-marcelo-muniz","8":"product_cat-pandemonium","9":"product_tag-circuito-eletronico","10":"product_tag-diy","11":"product_tag-eletroacustico","12":"product_tag-eletronica-analogica","13":"product_tag-eletronicos","14":"product_tag-luteria","15":"product_tag-marcelo-muniz","16":"product_tag-osciladores-senoidais","17":"product_tag-pandemonium","18":"product_tag-pianola","19":"product_tag-sequenciador-de-som","21":"first","22":"outofstock","23":"shipping-taxable","24":"purchasable","25":"product-type-simple"},"_links":{"self":[{"href":"https:\/\/brava.etc.br\/loja\/wp-json\/wp\/v2\/product\/9913","targetHints":{"allow":["GET"]}}],"collection":[{"href":"https:\/\/brava.etc.br\/loja\/wp-json\/wp\/v2\/product"}],"about":[{"href":"https:\/\/brava.etc.br\/loja\/wp-json\/wp\/v2\/types\/product"}],"wp:featuredmedia":[{"embeddable":true,"href":"https:\/\/brava.etc.br\/loja\/wp-json\/wp\/v2\/media\/9917"}],"wp:attachment":[{"href":"https:\/\/brava.etc.br\/loja\/wp-json\/wp\/v2\/media?parent=9913"}],"wp:term":[{"taxonomy":"product_brand","embeddable":true,"href":"https:\/\/brava.etc.br\/loja\/wp-json\/wp\/v2\/product_brand?post=9913"},{"taxonomy":"product_cat","embeddable":true,"href":"https:\/\/brava.etc.br\/loja\/wp-json\/wp\/v2\/product_cat?post=9913"},{"taxonomy":"product_tag","embeddable":true,"href":"https:\/\/brava.etc.br\/loja\/wp-json\/wp\/v2\/product_tag?post=9913"}],"curies":[{"name":"wp","href":"https:\/\/api.w.org\/{rel}","templated":true}]}}