{"id":9936,"date":"2024-04-11T22:20:24","date_gmt":"2024-04-11T22:20:24","guid":{"rendered":"https:\/\/brava.etc.br\/loja\/?post_type=product&#038;p=9936"},"modified":"2025-04-01T02:35:40","modified_gmt":"2025-04-01T02:35:40","slug":"stylophone","status":"publish","type":"product","link":"https:\/\/brava.etc.br\/loja\/produto\/stylophone\/","title":{"rendered":"Stylophone"},"content":{"rendered":"<p>O Stylophone \u00e9 um pequeno sintetizador com \u201cteclas\u201d impressas na pr\u00f3pria placa de circuito eletr\u00f4nico originalmente tocadas por uma \u201ccaneta stylus\u201d com ponta met\u00e1lica. O instrumento foi criado por Brian Jarvis no final dos anos 1960 e ficou conhecido por ter sido utilizado por David Bowie e bandas como Kraftwerk e Little Botts.<\/p>\n<p>O Stylophone Pandemonium baseia-se no projeto original, transistorizado, mantendo o timbre vintage caracter\u00edstico do instrumento, acrescentando-se no entanto, trimpots individuais para o perfeito ajuste de frequ\u00eancia de cada uma das teclas. O instrumento possui uma sa\u00edda P2 para amplificadores.<\/p>\n<p>&nbsp;<\/p>\n<p><strong>Especifica\u00e7\u00f5es t\u00e9cnicas:<\/strong><br \/>\nSa\u00edda: P2;<\/p>\n<p>Efeitos: Vibrato<\/p>\n<p>Range: A2 at\u00e9 E4 (110Hz \u2013 329,62Hz)\/ A3 at\u00e9 E5 (220Hz \u2013 659,25Hz) \u2013 sele\u00e7\u00e3o via potenci\u00f4metro \u201ctuning\u201d<\/p>\n<p>Alimenta\u00e7\u00e3o: 12V \u2013 Fonte inclusa<\/p>\n<p>Dimens\u00f5es: 96x80x20mm<\/p>\n<p>&nbsp;<\/p>\n<p><iframe loading=\"lazy\" title=\"Stylophone Pandemonium - Demonstra\u00e7\u00e3o e descri\u00e7\u00e3o\" width=\"500\" height=\"281\" src=\"https:\/\/www.youtube.com\/embed\/Ok8VqNNjbsU?feature=oembed\" frameborder=\"0\" allow=\"accelerometer; autoplay; clipboard-write; encrypted-media; gyroscope; picture-in-picture; web-share\" referrerpolicy=\"strict-origin-when-cross-origin\" allowfullscreen><\/iframe><\/p>\n<p>&nbsp;<\/p>\n<p>&nbsp;<\/p>\n<p>&nbsp;<\/p>\n","protected":false},"excerpt":{"rendered":"<ul>\n<li>5% de desconto para pagamentos em PIX (aplicado diretamente no carrinho na op\u00e7\u00e3o desta forma de pagamento)<\/li>\n<\/ul>\n","protected":false},"featured_media":9941,"template":"","meta":[],"product_brand":[],"product_cat":[987,963,966],"product_tag":[1011,973,589,1004,971,655,1008,967,1007,969,1006,1012],"class_list":{"0":"post-9936","1":"product","2":"type-product","3":"status-publish","4":"has-post-thumbnail","6":"product_cat-instrumento","7":"product_cat-marcelo-muniz","8":"product_cat-pandemonium","9":"product_tag-brian-jarvis","10":"product_tag-circuito-eletronico","11":"product_tag-diy","12":"product_tag-eletroacustico","13":"product_tag-eletronica-analogica","14":"product_tag-eletronicos","15":"product_tag-luteria","16":"product_tag-marcelo-muniz","17":"product_tag-osciladores-senoidais","18":"product_tag-pandemonium","19":"product_tag-sequenciador-de-som","20":"product_tag-stylophone","22":"first","23":"outofstock","24":"shipping-taxable","25":"purchasable","26":"product-type-simple"},"_links":{"self":[{"href":"https:\/\/brava.etc.br\/loja\/wp-json\/wp\/v2\/product\/9936","targetHints":{"allow":["GET"]}}],"collection":[{"href":"https:\/\/brava.etc.br\/loja\/wp-json\/wp\/v2\/product"}],"about":[{"href":"https:\/\/brava.etc.br\/loja\/wp-json\/wp\/v2\/types\/product"}],"wp:featuredmedia":[{"embeddable":true,"href":"https:\/\/brava.etc.br\/loja\/wp-json\/wp\/v2\/media\/9941"}],"wp:attachment":[{"href":"https:\/\/brava.etc.br\/loja\/wp-json\/wp\/v2\/media?parent=9936"}],"wp:term":[{"taxonomy":"product_brand","embeddable":true,"href":"https:\/\/brava.etc.br\/loja\/wp-json\/wp\/v2\/product_brand?post=9936"},{"taxonomy":"product_cat","embeddable":true,"href":"https:\/\/brava.etc.br\/loja\/wp-json\/wp\/v2\/product_cat?post=9936"},{"taxonomy":"product_tag","embeddable":true,"href":"https:\/\/brava.etc.br\/loja\/wp-json\/wp\/v2\/product_tag?post=9936"}],"curies":[{"name":"wp","href":"https:\/\/api.w.org\/{rel}","templated":true}]}}