{"id":9969,"date":"2024-07-24T19:13:21","date_gmt":"2024-07-24T19:13:21","guid":{"rendered":"https:\/\/brava.etc.br\/loja\/?post_type=product&#038;p=9969"},"modified":"2024-09-19T15:25:29","modified_gmt":"2024-09-19T15:25:29","slug":"oficina-de-improvisacao-livre-musical-e-artistica-com-antonio-panda-gianfratti","status":"publish","type":"product","link":"https:\/\/brava.etc.br\/loja\/produto\/oficina-de-improvisacao-livre-musical-e-artistica-com-antonio-panda-gianfratti\/","title":{"rendered":"[14.09] Oficina de Improvisa\u00e7\u00e3o Livre Musical e Art\u00edstica com Ant\u00f4nio \u2018Panda\u2019 Gianfratti"},"content":{"rendered":"<p><strong>A Improvisa\u00e7\u00e3o Livre musical \u00e9 considerada como uma ponte entre as artes modernas e tamb\u00e9m entre o concreto e o abstrato.<\/strong><\/p>\n<p>Com uma metodologia pr\u00f3pria que desenvolveu ao longo de d\u00e9cadas atuando como m\u00fasico, improvisador livre e pedagogo, Panda Gianfratti estruturou a presente oficina em 2 partes, sendo uma primeira introdu\u00e7\u00e3o te\u00f3rica e em seguida uma a\u00e7\u00e3o pr\u00e1tica, que objetiva apresentar:<\/p>\n<ul>\n<li>o que \u00e9 verdadeiramente a Improvisa\u00e7\u00e3o Livre, a sua funda\u00e7\u00e3o, as metas e estruturas;<\/li>\n<li>as diferen\u00e7as entre Free Jazz e Improvisa\u00e7\u00e3o Livre (n\u00e3o idiom\u00e1tica);<\/li>\n<li>a import\u00e2ncia na escuta coletiva, as din\u00e2micas de intera\u00e7\u00e3o e, principalmente, a explora\u00e7\u00e3o de novas possibilidades nos instrumentos \u2013 e para quem n\u00e3o \u00e9 instrumentista, a utiliza\u00e7\u00e3o da voz natural.<\/li>\n<\/ul>\n<p>&nbsp;<\/p>\n<div class=\"wp-block-essential-blocks-column root-eb-column-txdhj\">\n<div class=\"eb-parent-wrapper eb-parent-eb-column-txdhj \">\n<div class=\"eb-column-wrapper eb-column-txdhj\">\n<div class=\"eb-column-inner\">\n<h1 class=\"wp-block-heading has-text-align-left has-medium-font-size\" style=\"text-align: center;\"><strong>Ant\u00f4nio Panda Gianfratti<\/strong><\/h1>\n<div class=\"wp-block-image\">\n<p><img loading=\"lazy\" decoding=\"async\" class=\"wp-image-28481 aligncenter\" src=\"https:\/\/brava.etc.br\/wp-content\/uploads\/2024\/07\/panda-gianfratti_01.jpg\" sizes=\"auto, (max-width: 563px) 100vw, 563px\" srcset=\"https:\/\/brava.etc.br\/wp-content\/uploads\/2024\/07\/panda-gianfratti_01.jpg 563w, https:\/\/brava.etc.br\/wp-content\/uploads\/2024\/07\/panda-gianfratti_01-300x200.jpg 300w\" alt=\"\" width=\"563\" height=\"375\" \/><\/p>\n<h6 style=\"text-align: center;\">foto: Dani Gurgel<\/h6>\n<\/div>\n<\/div>\n<\/div>\n<\/div>\n<\/div>\n<div class=\"wp-block-essential-blocks-column root-eb-column-d1yrl\">\n<div class=\"eb-parent-wrapper eb-parent-eb-column-d1yrl \">\n<div class=\"eb-column-wrapper eb-column-d1yrl\">\n<div class=\"eb-column-inner\">\n<p>Percussionista contempor\u00e2neo que tem se dedicado h\u00e1 d\u00e9cadas \u00e0 improvisa\u00e7\u00e3o livre musical, conhecido tanto no Brasil como no exterior, irrequieto, apaixonado, temperamental, e tamb\u00e9m met\u00f3dico, obsessivo e pesquisador, Ant\u00f4nio \u2018Panda\u2019 Gianfratti \u00e9 o decano da m\u00fasica improvisada brasileira, como o foi antes do free jazz. Tamb\u00e9m deixou a sua marca no jazz \u2018mainstream\u2019 e tocou rock, bossa nova, m\u00fasica tradicional brasileira. Acompanhou Jorge Ben, participou num projeto de Billy Hart e tem partilhado o palco com um sem-n\u00famero de improvisadores nacionais e internacionais.<\/p>\n<p>Foi um dos fundadores do relevante coletivo brasileiro de improvisa\u00e7\u00e3o livre Abaetetuba, em 2004, com o qual participou em festivais na Inglaterra, Espanha, Holanda, Austr\u00e1lia, Chile e Brasil. O grupo colaborou com m\u00fasicos de diversos lugares do mundo como John Edwards, Sabu Toyozumi, Phil Minton, Han Bennink, Saadet T\u00fcrk\u00f6z, John Russell, Raymond MacDonald, Terry Day, Roger Turner, Urs Leimgruber, Steve Noble, Ricardo Tejero, Hans Koch e muitos outros. Seus integrantes foram ainda fundadores do FIIL (Festival Internacional de Improvisa\u00e7\u00e3o Livre), em parceria com o ent\u00e3o curador de m\u00fasica no Centro Cultural S\u00e3o Paulo, Juliano Gentile, com 2 edi\u00e7\u00f5es realizadas, em 2010 e 2011.<\/p>\n<p>O trabalho de percuss\u00e3o de Ant\u00f4nio \u2018Panda\u2019 Gianfratti consiste no desenvolvimento timbr\u00edstico atrav\u00e9s do uso de arco em pratos em cima de tambores, vibrafone preparado, violoncelo, e nos instrumentos que ele pr\u00f3prio projeta ou transforma. Interage com cinema, teatro, poesia, artes visuais e multim\u00eddia. Desenvolve trabalho como pedagogo em projetos no SESI, Centro Cultural S\u00e3o Paulo, prefeituras de Guarulhos e S\u00e3o Caetano do Sul, al\u00e9m da realiza\u00e7\u00e3o de oficinas em universidades, SESCs, Espa\u00e7os Culturais, institutos e festivais de m\u00fasica.<\/p>\n<\/div>\n<\/div>\n<\/div>\n<\/div>\n<p>&nbsp;<\/p>\n<p>&nbsp;<\/p>\n","protected":false},"excerpt":{"rendered":"<p><!-- wp:paragraph --><\/p>\n<p>Oficina destinada a m\u00fasicos iniciantes, n\u00e3o m\u00fasicos e interessados em geral, recomendado tamb\u00e9m para atores\/atrizes, performers, dan\u00e7arinos\/as e quaisquer pessoas que trabalhem com artes<\/p>\n<p>&nbsp;<\/p>\n<p><strong>14 de Setembro, s\u00e1bado<br \/>\nZona Franca<\/strong> \u2013 R. Almirante Marques de Le\u00e3o 378, Bela Vista \/SP | <span style=\"color: #808080;\"><a style=\"color: #808080;\" href=\"https:\/\/maps.app.goo.gl\/y6KGQFmRsmziTgSw9\" target=\"_blank\" rel=\"noreferrer noopener\">ver no mapa<\/a><\/span><br \/>\n<strong>14h \u00e0s 17h<\/strong><br \/>\n<b>inscri\u00e7\u00f5es encerradas<\/b><\/p>\n","protected":false},"featured_media":9981,"template":"","meta":[],"product_brand":[],"product_cat":[951,804,1016],"product_tag":[630,1017],"class_list":{"0":"post-9969","1":"product","2":"type-product","3":"status-publish","4":"has-post-thumbnail","6":"product_cat-ingresso","7":"product_cat-oficina","8":"product_cat-panda-gianfratti","9":"product_tag-improvisacao","10":"product_tag-oficina","12":"first","13":"outofstock","14":"virtual","15":"product-type-simple"},"_links":{"self":[{"href":"https:\/\/brava.etc.br\/loja\/wp-json\/wp\/v2\/product\/9969","targetHints":{"allow":["GET"]}}],"collection":[{"href":"https:\/\/brava.etc.br\/loja\/wp-json\/wp\/v2\/product"}],"about":[{"href":"https:\/\/brava.etc.br\/loja\/wp-json\/wp\/v2\/types\/product"}],"wp:featuredmedia":[{"embeddable":true,"href":"https:\/\/brava.etc.br\/loja\/wp-json\/wp\/v2\/media\/9981"}],"wp:attachment":[{"href":"https:\/\/brava.etc.br\/loja\/wp-json\/wp\/v2\/media?parent=9969"}],"wp:term":[{"taxonomy":"product_brand","embeddable":true,"href":"https:\/\/brava.etc.br\/loja\/wp-json\/wp\/v2\/product_brand?post=9969"},{"taxonomy":"product_cat","embeddable":true,"href":"https:\/\/brava.etc.br\/loja\/wp-json\/wp\/v2\/product_cat?post=9969"},{"taxonomy":"product_tag","embeddable":true,"href":"https:\/\/brava.etc.br\/loja\/wp-json\/wp\/v2\/product_tag?post=9969"}],"curies":[{"name":"wp","href":"https:\/\/api.w.org\/{rel}","templated":true}]}}