{"id":9991,"date":"2024-11-26T00:33:24","date_gmt":"2024-11-26T00:33:24","guid":{"rendered":"https:\/\/brava.etc.br\/loja\/?post_type=product&#038;p=9991"},"modified":"2025-10-02T22:23:44","modified_gmt":"2025-10-02T22:23:44","slug":"08-12-lingua-fora-com-jaap-blonk-lara-alarcon-e-ines-terra","status":"publish","type":"product","link":"https:\/\/brava.etc.br\/loja\/produto\/08-12-lingua-fora-com-jaap-blonk-lara-alarcon-e-ines-terra\/","title":{"rendered":"[08.12] L\u00edngua Fora com Jaap Blonk, Lara Alarc\u00f3n e In\u00e9s Terra"},"content":{"rendered":"<p><strong>Dia 8 de dezembro acontece a \u00faltima edi\u00e7\u00e3o do ano do L\u00edngua Fora, com Jaap Blonk, Lara Alarc\u00f3n e In\u00e9s Terra.<\/strong><\/p>\n<p><strong>L\u00edngua Fora<\/strong>\u00a0\u00e9 uma s\u00e9rie de performance vocal que re\u00fane artistas de diferentes \u00e1reas e promove encontros in\u00e9ditos de improvisa\u00e7\u00e3o vocal. Nessa edi\u00e7\u00e3o conta a produ\u00e7\u00e3o da Brava.<\/p>\n<p><strong>Jaap Blonk<\/strong>\u00a0(Holanda, 1953) \u00e9 um compositor, performer e poeta autodidata de vanguarda. \u00c9 \u00fanico pela sua poderosa presen\u00e7a no palco e liberdade na improvisa\u00e7\u00e3o, combinada com uma compreens\u00e3o afiada da estrutura. Com o uso de eletr\u00f4nicos ao vivo e visuais interativos, seus concertos adquiriram uma extens\u00e3o consider\u00e1vel, tendo se apresentado em todos os continentes.<\/p>\n<p><strong>Lara Alarc\u00f3n<\/strong>\u00a0\u00e9 uma artista vocal, compositora e curadora de La Plata (AR), radicada em Berlim. Apresenta o seu projeto VQ, uma plataforma de performance expandida que cruza a m\u00fasica electr\u00f3nica, a arte vocal, a fantasia pop coral e o ru\u00eddo extremo. Faz parte de GORZ, duo de noise rock \/ grindcore \/ hardcore experimental \/ cutecore.<\/p>\n<p><strong>In\u00e9s Terra<\/strong>\u00a0\u00e9 cantora, improvisadora e produtora cultural. Pesquisa a voz na busca pelas m\u00faltiplas resson\u00e2ncias e ru\u00eddos do corpo. Faz parte do projeto Teia com a thereminista Julia Teles. Em 2024 lan\u00e7ou o \u00e1lbum vocal \u201cregougar\u201d pela Brava e Scatter Archive (SCO).<\/p>\n","protected":false},"excerpt":{"rendered":"<p><!-- wp:paragraph --><\/p>\n<p><strong>*08 de Dezembro, domingo<br \/>\n17h casa | 18h apresenta\u00e7\u00f5es<br \/>\nlugar sem nome<\/strong>\u00a0\u2013 Av. Brigadeiro Lu\u00eds Ant\u00f4nio 3928, Jardim Paulista \/ SP<br \/>\n<b>venda antecipada encerrada<\/b><br \/>\n<strong>R$ 30<\/strong> &#8211; dispon\u00edvel na porta<\/p>\n","protected":false},"featured_media":9992,"template":"","meta":[],"product_brand":[],"product_cat":[951],"product_tag":[630],"class_list":{"0":"post-9991","1":"product","2":"type-product","3":"status-publish","4":"has-post-thumbnail","6":"product_cat-ingresso","7":"product_tag-improvisacao","9":"first","10":"outofstock","11":"virtual","12":"product-type-simple"},"_links":{"self":[{"href":"https:\/\/brava.etc.br\/loja\/wp-json\/wp\/v2\/product\/9991","targetHints":{"allow":["GET"]}}],"collection":[{"href":"https:\/\/brava.etc.br\/loja\/wp-json\/wp\/v2\/product"}],"about":[{"href":"https:\/\/brava.etc.br\/loja\/wp-json\/wp\/v2\/types\/product"}],"wp:featuredmedia":[{"embeddable":true,"href":"https:\/\/brava.etc.br\/loja\/wp-json\/wp\/v2\/media\/9992"}],"wp:attachment":[{"href":"https:\/\/brava.etc.br\/loja\/wp-json\/wp\/v2\/media?parent=9991"}],"wp:term":[{"taxonomy":"product_brand","embeddable":true,"href":"https:\/\/brava.etc.br\/loja\/wp-json\/wp\/v2\/product_brand?post=9991"},{"taxonomy":"product_cat","embeddable":true,"href":"https:\/\/brava.etc.br\/loja\/wp-json\/wp\/v2\/product_cat?post=9991"},{"taxonomy":"product_tag","embeddable":true,"href":"https:\/\/brava.etc.br\/loja\/wp-json\/wp\/v2\/product_tag?post=9991"}],"curies":[{"name":"wp","href":"https:\/\/api.w.org\/{rel}","templated":true}]}}