{"id":1995,"date":"2020-10-19T12:07:07","date_gmt":"2020-10-19T15:07:07","guid":{"rendered":"https:\/\/brava.etc.br\/vara\/?page_id=1995"},"modified":"2021-05-19T10:00:46","modified_gmt":"2021-05-19T13:00:46","slug":"home","status":"publish","type":"page","link":"https:\/\/brava.etc.br\/vara\/","title":{"rendered":"Home"},"content":{"rendered":"\n<p><\/p>\n\n\n\n<figure class=\"wp-block-pullquote is-style-default\" style=\"border-color:#f0fe12\"><blockquote><p>Agradecemos a tods que visitaram a mostra virtual &#8220;Tr\u00e1gico Conforto&#8221;, de Vin\u00edcius Patrial<\/p><p>Em breve novas exposi\u00e7\u00f5es em cartaz<\/p><cite>Para receber as novidades da brava em seu email, assine o <span style=\"text-decoration: underline;\"><a href=\"http:\/\/brava.etc.br\/informativo\/\">informativo<\/a><\/span><\/cite><\/blockquote><\/figure>\n","protected":false},"excerpt":{"rendered":"<p>Agradecemos a tods que visitaram a mostra virtual &#8220;Tr\u00e1gico Conforto&#8221;, de Vin\u00edcius Patrial Em breve novas exposi\u00e7\u00f5es em cartaz Para receber as novidades da brava em seu email, assine o informativo<\/p>\n<a class=\"read-more-link\" href=\" https:\/\/brava.etc.br\/vara\/ \">Read more<\/a>","protected":false},"author":1,"featured_media":0,"parent":0,"menu_order":0,"comment_status":"closed","ping_status":"closed","template":"","meta":{"footnotes":""},"_links":{"self":[{"href":"https:\/\/brava.etc.br\/vara\/wp-json\/wp\/v2\/pages\/1995"}],"collection":[{"href":"https:\/\/brava.etc.br\/vara\/wp-json\/wp\/v2\/pages"}],"about":[{"href":"https:\/\/brava.etc.br\/vara\/wp-json\/wp\/v2\/types\/page"}],"author":[{"embeddable":true,"href":"https:\/\/brava.etc.br\/vara\/wp-json\/wp\/v2\/users\/1"}],"replies":[{"embeddable":true,"href":"https:\/\/brava.etc.br\/vara\/wp-json\/wp\/v2\/comments?post=1995"}],"version-history":[{"count":7,"href":"https:\/\/brava.etc.br\/vara\/wp-json\/wp\/v2\/pages\/1995\/revisions"}],"predecessor-version":[{"id":2008,"href":"https:\/\/brava.etc.br\/vara\/wp-json\/wp\/v2\/pages\/1995\/revisions\/2008"}],"wp:attachment":[{"href":"https:\/\/brava.etc.br\/vara\/wp-json\/wp\/v2\/media?parent=1995"}],"curies":[{"name":"wp","href":"https:\/\/api.w.org\/{rel}","templated":true}]}}