{"id":638,"date":"2019-10-18T11:25:25","date_gmt":"2019-10-18T14:25:25","guid":{"rendered":"https:\/\/limpia.tkdemos.co\/?page_id=638"},"modified":"2024-02-19T11:55:13","modified_gmt":"2024-02-19T14:55:13","slug":"sobre","status":"publish","type":"page","link":"https:\/\/brava.etc.br\/vara\/sobre\/","title":{"rendered":"Sobre"},"content":{"rendered":"\n<p><strong>V<\/strong>ara \u00e9 o territ\u00f3rio expositivo da <strong>B<\/strong>rava.<\/p>\n\n\n\n<p>A <strong>B<\/strong>rava \u00e9 uma produtora independente baseada em S\u00e3o Paulo, direcionada a artistas e bandas locais e internacionais que flertam com o experimentalismo nos estilos que trabalham, produzindo, lan\u00e7ando e promovendo apresenta\u00e7\u00f5es, sonoriza\u00e7\u00f5es e oficinas em galerias de arte, festivais, institui\u00e7\u00f5es, centros culturais e espa\u00e7os alternativos no Brasil ou pelo mundo.<\/p>\n\n\n\n<p>Atrav\u00e9s da <strong>V<\/strong>ara a <strong>B<\/strong>rava busca reunir artistas que desenvolvem trabalhos gr\u00e1ficos, em paralelo a trabalhos sonoros, curando e produzindo eventos em que possam expor sua arte em ambas as formas.<\/p>\n\n\n\n<p>Para a 1a edi\u00e7\u00e3o virtual da <strong>V<\/strong>ara, foi convidado <strong>V<\/strong>in\u00edcius Patrial, com quem a <strong>B<\/strong>rava vem trabalhando h\u00e1 alguns anos promovendo apresenta\u00e7\u00f5es e lan\u00e7ando material do seu trio, <strong>V<\/strong>ermes do Limbo. O artista visual apresentou 39 obras entre collages, pinturas, m\u00e1scaras e objetos na mostra &#8220;Tr\u00e1gico Conforto&#8221;, de 21 de Setembro a 18 de Outubro de 2020.<\/p>\n\n\n\n<div style=\"height:50px\" aria-hidden=\"true\" class=\"wp-block-spacer\"><\/div>\n\n\n\n<p>Brava &#8211; <a href=\"http:\/\/brava.etc.br\" target=\"_blank\" rel=\"noreferrer noopener\">brava.etc.br<\/a><br><a href=\"mailto:contato@brava.etc.br\">contato@brava.etc.br<\/a><\/p>\n\n\n\n<div style=\"height:50px\" aria-hidden=\"true\" class=\"wp-block-spacer\"><\/div>\n\n\n\n<p>Assine o informativo da <strong>B<\/strong>rava para receber no seu email novidades sobre apresenta\u00e7\u00f5es, lan\u00e7amentos, pr\u00e9-vendas, novos itens na loja e etc:<\/p>\n\n\n\n<a href=\"https:\/\/brava.etc.br\/informativo\/\" target=\"_blank\" rel=\"noopener noreferrer\">\nbrava.etc.br\/informativo\n<\/a>\n","protected":false},"excerpt":{"rendered":"<p>Vara \u00e9 o territ\u00f3rio expositivo da Brava. A Brava \u00e9 uma produtora independente baseada em S\u00e3o Paulo, direcionada a artistas e bandas locais e internacionais que flertam com o experimentalismo nos estilos que trabalham, produzindo, lan\u00e7ando e promovendo apresenta\u00e7\u00f5es, sonoriza\u00e7\u00f5es e oficinas em galerias de arte, festivais, institui\u00e7\u00f5es, centros culturais e espa\u00e7os alternativos no Brasil [&hellip;]<\/p>\n<a class=\"read-more-link\" href=\" https:\/\/brava.etc.br\/vara\/sobre\/ \">Read more<\/a>","protected":false},"author":1,"featured_media":0,"parent":0,"menu_order":0,"comment_status":"closed","ping_status":"closed","template":"","meta":{"footnotes":""},"_links":{"self":[{"href":"https:\/\/brava.etc.br\/vara\/wp-json\/wp\/v2\/pages\/638"}],"collection":[{"href":"https:\/\/brava.etc.br\/vara\/wp-json\/wp\/v2\/pages"}],"about":[{"href":"https:\/\/brava.etc.br\/vara\/wp-json\/wp\/v2\/types\/page"}],"author":[{"embeddable":true,"href":"https:\/\/brava.etc.br\/vara\/wp-json\/wp\/v2\/users\/1"}],"replies":[{"embeddable":true,"href":"https:\/\/brava.etc.br\/vara\/wp-json\/wp\/v2\/comments?post=638"}],"version-history":[{"count":32,"href":"https:\/\/brava.etc.br\/vara\/wp-json\/wp\/v2\/pages\/638\/revisions"}],"predecessor-version":[{"id":2016,"href":"https:\/\/brava.etc.br\/vara\/wp-json\/wp\/v2\/pages\/638\/revisions\/2016"}],"wp:attachment":[{"href":"https:\/\/brava.etc.br\/vara\/wp-json\/wp\/v2\/media?parent=638"}],"curies":[{"name":"wp","href":"https:\/\/api.w.org\/{rel}","templated":true}]}}